{"id":608,"date":"2018-12-12T16:11:26","date_gmt":"2018-12-12T16:11:26","guid":{"rendered":"http:\/\/legfits.de\/?page_id=608"},"modified":"2020-05-29T09:47:11","modified_gmt":"2020-05-29T09:47:11","slug":"startseite","status":"publish","type":"page","link":"http:\/\/professional.crustec.de\/","title":{"rendered":"Willkommen bei CRUSTEC"},"content":{"rendered":"\n<div class=\"wp-block-cover has-background-dim-20 has-background-dim\" style=\"background-image:url(http:\/\/professional.crustec.de\/wp-content\/uploads\/2018\/12\/group-of-people-jumping-concept-PFRY2FD.jpg);background-position:51% 63%\"><div class=\"wp-block-cover__inner-container is-layout-flow wp-block-cover-is-layout-flow\">\n<p class=\"has-text-align-left has-large-font-size\"><br><\/p>\n<\/div><\/div>\n\n\n\n<p>Crustec steht f\u00fcr Bewegung und Gesundheit. St\u00e4ndige Weiterentwicklung&nbsp;<br>und Innovation garantiert uns das Vertrauen der Verbraucher, die bei uns&nbsp;<br>mit Ihren Beinen in den besten H\u00e4nden sind.<\/p>\n\n\n\n<figure class=\"wp-block-video\"><video controls src=\"http:\/\/professional.crustec.de\/wp-content\/uploads\/2020\/05\/CrustecVideo_v1.mp4\"><\/video><\/figure>\n\n\n\n<p>Unter folgenden Kategorien k\u00f6nnen Sie unsere aktuelle Produktpalette finden:<\/p>\n\n\n\n<p><a href=\"http:\/\/professional.crustec.de\/?page_id=657\">Produkte f\u00fcr Damen<\/a><\/p>\n\n\n\n<p><a href=\"http:\/\/professional.crustec.de\/?page_id=1099\">Produkte f\u00fcr Herren<\/a><\/p>\n\n\n\n<p><a href=\"http:\/\/crustec.legfits.de\/?page_id=1101\">Produkte f<\/a><a href=\"http:\/\/professional.crustec.de\/?page_id=1101\">\u00fcr Sport<\/a><\/p>\n\n\n\n<p><a href=\"http:\/\/professional.crustec.de\/?page_id=1106\">Produkte f\u00fcr Diabetiker<\/a><br><\/p>\n","protected":false},"excerpt":{"rendered":"<p>Crustec steht f\u00fcr Bewegung und Gesundheit. St\u00e4ndige Weiterentwicklung&nbsp;und Innovation garantiert uns das Vertrauen der Verbraucher, die bei uns&nbsp;mit Ihren Beinen in den besten H\u00e4nden sind. Unter folgenden Kategorien k\u00f6nnen Sie unsere aktuelle Produktpalette finden: Produkte f\u00fcr Damen Produkte f\u00fcr Herren Produkte f\u00fcr Sport Produkte f\u00fcr Diabetiker<\/p>\n","protected":false},"author":1,"featured_media":0,"parent":0,"menu_order":0,"comment_status":"closed","ping_status":"closed","template":"","meta":{"footnotes":""},"_links":{"self":[{"href":"http:\/\/professional.crustec.de\/index.php?rest_route=\/wp\/v2\/pages\/608"}],"collection":[{"href":"http:\/\/professional.crustec.de\/index.php?rest_route=\/wp\/v2\/pages"}],"about":[{"href":"http:\/\/professional.crustec.de\/index.php?rest_route=\/wp\/v2\/types\/page"}],"author":[{"embeddable":true,"href":"http:\/\/professional.crustec.de\/index.php?rest_route=\/wp\/v2\/users\/1"}],"replies":[{"embeddable":true,"href":"http:\/\/professional.crustec.de\/index.php?rest_route=%2Fwp%2Fv2%2Fcomments&post=608"}],"version-history":[{"count":0,"href":"http:\/\/professional.crustec.de\/index.php?rest_route=\/wp\/v2\/pages\/608\/revisions"}],"wp:attachment":[{"href":"http:\/\/professional.crustec.de\/index.php?rest_route=%2Fwp%2Fv2%2Fmedia&parent=608"}],"curies":[{"name":"wp","href":"https:\/\/api.w.org\/{rel}","templated":true}]}}